{"id":80,"date":"2016-10-09T10:58:47","date_gmt":"2016-10-09T10:58:47","guid":{"rendered":"https:\/\/benessereluthien.com\/centro-estetico-roma\/?post_type=product&#038;p=80"},"modified":"2025-09-19T15:10:38","modified_gmt":"2025-09-19T13:10:38","slug":"01-percorso-relax","status":"publish","type":"product","link":"https:\/\/benessereluthien.com\/centro-estetico-roma\/prodotto\/01-percorso-relax\/","title":{"rendered":"Percorso Aromatico"},"content":{"rendered":"<p>Concediti una pausa dalla frenesia della quotidianit\u00e0, fermati un p\u00f2 e prenditi cura di te, rilassati, energizzati. Spegni il telefono e non pensare a nulla, ci sei solo tu, inebriati dei profumi e scegli il tuo, lasciati coccolare dalle sue note e dalle dolci texture di cui potrai sentire sulla pelle e vedrai che il tuo corpo insieme al tuo spirito ne trarranno giovamento.<\/p>\n<p>Rigenerazione, freschezza, serenit\u00e0 insieme ad una pelle curata saranno gli effetti di questo percorso per ricominciare la quotidianit\u00e0 non pi\u00f9 in modo frenetico ma con energia e vitalit\u00e0&#8230;. e un sorriso sulle labbra.<\/p>\n","protected":false},"excerpt":{"rendered":"<p>Benessere\/Relax<\/p>\n<p>TEMPO: 75 min.<\/p>\n<p>Sauna, Bagno Turco, Angolo relax, Tisana, Peeling corpo, Maschera viso e Crema corpo<\/p>\n","protected":false},"featured_media":457,"template":"","meta":[],"product_brand":[],"product_cat":[7],"product_tag":[],"class_list":{"0":"post-80","1":"product","2":"type-product","3":"status-publish","4":"has-post-thumbnail","6":"product_cat-percorsi-benessere","8":"first","9":"instock","10":"virtual","11":"purchasable","12":"product-type-simple"},"_links":{"self":[{"href":"https:\/\/benessereluthien.com\/centro-estetico-roma\/wp-json\/wp\/v2\/product\/80","targetHints":{"allow":["GET"]}}],"collection":[{"href":"https:\/\/benessereluthien.com\/centro-estetico-roma\/wp-json\/wp\/v2\/product"}],"about":[{"href":"https:\/\/benessereluthien.com\/centro-estetico-roma\/wp-json\/wp\/v2\/types\/product"}],"wp:featuredmedia":[{"embeddable":true,"href":"https:\/\/benessereluthien.com\/centro-estetico-roma\/wp-json\/wp\/v2\/media\/457"}],"wp:attachment":[{"href":"https:\/\/benessereluthien.com\/centro-estetico-roma\/wp-json\/wp\/v2\/media?parent=80"}],"wp:term":[{"taxonomy":"product_brand","embeddable":true,"href":"https:\/\/benessereluthien.com\/centro-estetico-roma\/wp-json\/wp\/v2\/product_brand?post=80"},{"taxonomy":"product_cat","embeddable":true,"href":"https:\/\/benessereluthien.com\/centro-estetico-roma\/wp-json\/wp\/v2\/product_cat?post=80"},{"taxonomy":"product_tag","embeddable":true,"href":"https:\/\/benessereluthien.com\/centro-estetico-roma\/wp-json\/wp\/v2\/product_tag?post=80"}],"curies":[{"name":"wp","href":"https:\/\/api.w.org\/{rel}","templated":true}]}}