{"id":518,"date":"2017-01-20T11:28:03","date_gmt":"2017-01-20T11:28:03","guid":{"rendered":"https:\/\/benessereluthien.com\/centro-estetico-roma\/?post_type=product&#038;p=518"},"modified":"2017-01-23T16:39:55","modified_gmt":"2017-01-23T16:39:55","slug":"una-giornata-da-regina","status":"publish","type":"product","link":"https:\/\/benessereluthien.com\/centro-estetico-roma\/prodotto\/una-giornata-da-regina\/","title":{"rendered":"Una Giornata da Regina"},"content":{"rendered":"<p>All\u2019arrivo in istituto ci si spoglia dagli abiti e dagli affanni quotidiani, per entrare in un\u2019atmosfera di relax. Con la degustazione di una tisana e il capo poggiato su un cuscino di farro si d\u00e0 inizio al benessere.<\/p>\n<p>Nella Spa con luce soffusa e profumata da aromi, dopo qualche minuto di relax nel Bagno Turco le sar\u00e0 fatto un massaggio con sale canadese e oli aromatici per un\u2019azione esfoliante che si concluder\u00e0 con un impacco di argilla per un effetto drenante e tonificante. Dopo alcuni minuti di posa nel Bagno Turco, una doccia calda e una tisana fumante, proseguiremo con un Massaggio Rilassante.<\/p>\n<p>Al \u201crisveglio\u201d sorseggiando una tisana detossinante, sempre comodamente distese sul lettino, ci prenderemo cura dei vostri piedi con il Callus Peeling un trattamento rigenerante che andr\u00e0 a migliorare visibilmente i vostri piedi. La giornata prosegue con il trattamento viso personalizzato che andr\u00e0 a rigenerare, idratare e a migliorare la luminosit\u00e0. Nella stessa atmosfera continua il benessere con la spa manicure completata con l\u2019applicazione dello smalto.<\/p>\n<p>Infine per concludere la giornata in \u201cbellezza\u201d un leggero trucco e consigli di make-up per essere al meglio in ogni occasione.<\/p>\n<p>Per ottimizzare i risultati ottenuti vi verranno consigliati dei prodotti da utilizzare quotidianamente.<\/p>\n<p>Ora non ti resta che dire<\/p>\n<p>\u201cVoglio pensare a me stessa\u201d<\/p>\n","protected":false},"excerpt":{"rendered":"<p><em><strong>Beauty-Day Viso Corpo<\/strong><\/em><\/p>\n<p>Tempo: 7h \u00a0circa<\/p>\n","protected":false},"featured_media":519,"template":"","meta":[],"product_brand":[],"product_cat":[9],"product_tag":[],"class_list":{"0":"post-518","1":"product","2":"type-product","3":"status-publish","4":"has-post-thumbnail","6":"product_cat-percorsi-speciali","8":"first","9":"instock","10":"virtual","11":"purchasable","12":"product-type-simple"},"_links":{"self":[{"href":"https:\/\/benessereluthien.com\/centro-estetico-roma\/wp-json\/wp\/v2\/product\/518","targetHints":{"allow":["GET"]}}],"collection":[{"href":"https:\/\/benessereluthien.com\/centro-estetico-roma\/wp-json\/wp\/v2\/product"}],"about":[{"href":"https:\/\/benessereluthien.com\/centro-estetico-roma\/wp-json\/wp\/v2\/types\/product"}],"wp:featuredmedia":[{"embeddable":true,"href":"https:\/\/benessereluthien.com\/centro-estetico-roma\/wp-json\/wp\/v2\/media\/519"}],"wp:attachment":[{"href":"https:\/\/benessereluthien.com\/centro-estetico-roma\/wp-json\/wp\/v2\/media?parent=518"}],"wp:term":[{"taxonomy":"product_brand","embeddable":true,"href":"https:\/\/benessereluthien.com\/centro-estetico-roma\/wp-json\/wp\/v2\/product_brand?post=518"},{"taxonomy":"product_cat","embeddable":true,"href":"https:\/\/benessereluthien.com\/centro-estetico-roma\/wp-json\/wp\/v2\/product_cat?post=518"},{"taxonomy":"product_tag","embeddable":true,"href":"https:\/\/benessereluthien.com\/centro-estetico-roma\/wp-json\/wp\/v2\/product_tag?post=518"}],"curies":[{"name":"wp","href":"https:\/\/api.w.org\/{rel}","templated":true}]}}