{"id":483,"date":"2016-10-22T11:36:46","date_gmt":"2016-10-22T11:36:46","guid":{"rendered":"https:\/\/benessereluthien.com\/centro-estetico-roma\/?post_type=product&#038;p=483"},"modified":"2017-01-21T13:10:49","modified_gmt":"2017-01-21T13:10:49","slug":"percorso-relax","status":"publish","type":"product","link":"https:\/\/benessereluthien.com\/centro-estetico-roma\/prodotto\/percorso-relax\/","title":{"rendered":"Percorso Relax"},"content":{"rendered":"<p>Per rilassarsi e per prendersi un p\u00f2 di tempo per se stessi. Il corpo ha la necessit\u00e0 di staccare dallo stress della qotidianit\u00e0, ha bisogno di rilassarsi per poter poi ricomincire con una vitalit\u00e0 diversa. Questo Percorso \u00e8 indicato proprio a questo: a ricaricare di energia il corpo per poter avere una marcia in piu<\/p>\n","protected":false},"excerpt":{"rendered":"<p>Benessere\/Cura Corpo<\/p>\n<p>TEMPO: 60 min.<\/p>\n<p>Sauna, Bagno Turco, Doccia Emozionale, Angolo Relax, Tisana, Peeling Corpo<\/p>\n","protected":false},"featured_media":485,"template":"","meta":[],"product_brand":[],"product_cat":[7],"product_tag":[],"class_list":{"0":"post-483","1":"product","2":"type-product","3":"status-publish","4":"has-post-thumbnail","6":"product_cat-percorsi-benessere","8":"first","9":"instock","10":"virtual","11":"purchasable","12":"product-type-simple"},"_links":{"self":[{"href":"https:\/\/benessereluthien.com\/centro-estetico-roma\/wp-json\/wp\/v2\/product\/483","targetHints":{"allow":["GET"]}}],"collection":[{"href":"https:\/\/benessereluthien.com\/centro-estetico-roma\/wp-json\/wp\/v2\/product"}],"about":[{"href":"https:\/\/benessereluthien.com\/centro-estetico-roma\/wp-json\/wp\/v2\/types\/product"}],"wp:featuredmedia":[{"embeddable":true,"href":"https:\/\/benessereluthien.com\/centro-estetico-roma\/wp-json\/wp\/v2\/media\/485"}],"wp:attachment":[{"href":"https:\/\/benessereluthien.com\/centro-estetico-roma\/wp-json\/wp\/v2\/media?parent=483"}],"wp:term":[{"taxonomy":"product_brand","embeddable":true,"href":"https:\/\/benessereluthien.com\/centro-estetico-roma\/wp-json\/wp\/v2\/product_brand?post=483"},{"taxonomy":"product_cat","embeddable":true,"href":"https:\/\/benessereluthien.com\/centro-estetico-roma\/wp-json\/wp\/v2\/product_cat?post=483"},{"taxonomy":"product_tag","embeddable":true,"href":"https:\/\/benessereluthien.com\/centro-estetico-roma\/wp-json\/wp\/v2\/product_tag?post=483"}],"curies":[{"name":"wp","href":"https:\/\/api.w.org\/{rel}","templated":true}]}}