{"id":398,"date":"2016-10-19T10:23:07","date_gmt":"2016-10-19T10:23:07","guid":{"rendered":"https:\/\/benessereluthien.com\/centro-estetico-roma\/?post_type=product&#038;p=398"},"modified":"2017-01-26T15:04:14","modified_gmt":"2017-01-26T15:04:14","slug":"massaggio-aromatico","status":"publish","type":"product","link":"https:\/\/benessereluthien.com\/centro-estetico-roma\/prodotto\/massaggio-aromatico\/","title":{"rendered":"Massaggio Aromatico"},"content":{"rendered":"<p>I profumi inebriano i sensi e fanno scoprire una dimensione pi\u00f9 intima con se stessi. Invitano al viaggio fuori dal tempo e dallo spazio. Scegli quello pi\u00f9 adatto a te tra le molteplici fragranze, a seconda di come ti senti e di ci\u00f2 di cui hai bisogno oggi.<\/p>\n<p>Alla fine del massaggio il benessere continua con una pioggia di sale profumato seguito da un tempo di posa che permetter\u00e0 un rilassamento sensoriale maggiore<\/p>\n","protected":false},"excerpt":{"rendered":"<p><em><strong>Benessere Corpo<\/strong><\/em><\/p>\n<p>TEMPO: 50 min.<\/p>\n","protected":false},"featured_media":399,"template":"","meta":[],"product_brand":[],"product_cat":[33,8],"product_tag":[],"class_list":{"0":"post-398","1":"product","2":"type-product","3":"status-publish","4":"has-post-thumbnail","6":"product_cat-benessere-relax","7":"product_cat-massaggi-speciali","9":"first","10":"instock","11":"virtual","12":"purchasable","13":"product-type-simple"},"_links":{"self":[{"href":"https:\/\/benessereluthien.com\/centro-estetico-roma\/wp-json\/wp\/v2\/product\/398","targetHints":{"allow":["GET"]}}],"collection":[{"href":"https:\/\/benessereluthien.com\/centro-estetico-roma\/wp-json\/wp\/v2\/product"}],"about":[{"href":"https:\/\/benessereluthien.com\/centro-estetico-roma\/wp-json\/wp\/v2\/types\/product"}],"wp:featuredmedia":[{"embeddable":true,"href":"https:\/\/benessereluthien.com\/centro-estetico-roma\/wp-json\/wp\/v2\/media\/399"}],"wp:attachment":[{"href":"https:\/\/benessereluthien.com\/centro-estetico-roma\/wp-json\/wp\/v2\/media?parent=398"}],"wp:term":[{"taxonomy":"product_brand","embeddable":true,"href":"https:\/\/benessereluthien.com\/centro-estetico-roma\/wp-json\/wp\/v2\/product_brand?post=398"},{"taxonomy":"product_cat","embeddable":true,"href":"https:\/\/benessereluthien.com\/centro-estetico-roma\/wp-json\/wp\/v2\/product_cat?post=398"},{"taxonomy":"product_tag","embeddable":true,"href":"https:\/\/benessereluthien.com\/centro-estetico-roma\/wp-json\/wp\/v2\/product_tag?post=398"}],"curies":[{"name":"wp","href":"https:\/\/api.w.org\/{rel}","templated":true}]}}